{"id":781,"date":"2016-07-07T10:59:52","date_gmt":"2016-07-07T10:59:52","guid":{"rendered":"https:\/\/www.ranumefterskole.dk\/?page_id=781"},"modified":"2025-10-07T12:19:11","modified_gmt":"2025-10-07T10:19:11","slug":"daglige-rammer","status":"publish","type":"page","link":"https:\/\/www.ranumefterskole.dk\/en\/daglige-rammer\/","title":{"rendered":"Everyday life"},"content":{"rendered":"<div class=\"wpb-content-wrapper\"><div class=\"vc_row wpb_row section vc_row-fluid\" style='background-image:url(https:\/\/www.ranumefterskole.dk\/wp-content\/uploads\/2019\/04\/Ranum_Website1819_pictures_main-formats_v3_2000x800px28.jpg); text-align:left;'><div class=\"full_section_inner clearfix\"><div class=\"wpb_column vc_column_container vc_col-sm-12\"><div class=\"vc_column-inner\"><div class=\"wpb_wrapper\"><div class=\"vc_empty_space\"  style=\"height: 300px\" >\n\t<span class=\"vc_empty_space_inner\">\n\t\t<span class=\"empty_space_image\"  ><\/span>\n\t<\/span>\n<\/div>\n\t<div class=\"wpb_text_column wpb_content_element\">\n\t\t<div class=\"wpb_wrapper\">\n\t\t\t<p style=\"text-align: center;\"><span style=\"font-family: accord-bold; font-size: 46pt; color: #ffffff;\">Daily settings<\/span><\/p>\n\n\t\t<\/div>\n\t<\/div><div class=\"vc_empty_space\"  style=\"height: 200px\" >\n\t<span class=\"vc_empty_space_inner\">\n\t\t<span class=\"empty_space_image\"  ><\/span>\n\t<\/span>\n<\/div><\/div><\/div><\/div><\/div><\/div><div id=\"Rammerne\"     class=\"vc_row wpb_row section vc_row-fluid  grid_section\" style='background-color:#f7f7f7; text-align:left;'><div class=\"section_inner clearfix\"><div class='section_inner_margin clearfix'><div class=\"wpb_column vc_column_container vc_col-sm-12\"><div class=\"vc_column-inner\"><div class=\"wpb_wrapper\"><div class=\"vc_empty_space\"  style=\"height: 100px\" >\n\t<span class=\"vc_empty_space_inner\">\n\t\t<span class=\"empty_space_image\"  ><\/span>\n\t<\/span>\n<\/div>\n\t<div class=\"q_accordion_holder clearfix wpb_content_element accordion boxed  not-column-inherit\" data-active-tab=\"1\" data-collapsible=\"no\" data-border-radius=\"\">\n\t\t\t\n\t\t\t\t<h2 class=\"clearfix title-holder\" style=\"color: #ffffff; background-color: #4dbab2;\"><span class=\"accordion_mark left_mark\"><span class=\"accordion_mark_icon\"><\/span><\/span><span class=\"tab-title\">Schooling<\/span><span class=\"accordion_mark right_mark\"><span class=\"accordion_mark_icon\"><\/span><\/span><\/h2>\n\t\t\t\t<div  class=\"accordion_content no_icon\">\n\t\t\t<div class=\"accordion_content_inner\">\n\t\t\t\t\n\t<div class=\"wpb_text_column wpb_content_element\">\n\t\t<div class=\"wpb_wrapper\">\n\t\t\t<div>\n<h1><span style=\"color: #333333;\">- that suits you!<\/span><\/h1>\n<p>&nbsp;<\/p>\n<p><span style=\"color: #333333;\"><strong>The academic subjects<\/strong> build the foundation for your continued learning throughout your life. We strive to renew and modernize the learning processes, within the frames of the formal requirements of the danish 9th and 10th grade, to make sure you can achieve your personal learning goals.<\/span><\/p>\n<p>&nbsp;<\/p>\n<p><span style=\"color: #333333;\"><strong>The efterskole<\/strong> offers unique possibilities to work with flexible schedules, project oriented and cross-curricular courses. We have just as big ambitions when it comes to the curricular activities as we have with Imagination and Nature Sports and all the other common activities.<\/span><\/p>\n<p>&nbsp;<\/p>\n<p><span style=\"color: #333333;\"><strong>Pedagogical<\/strong> we focus on integrating several different forms of intelligence when it comes to living together, school and activities. Nature sports and Imagination offer the opportunity for developing inter- and intrapersonal skills, physical skills and communication skills. The aim is to strengthen the personal development by trying and developing different forms of learning in a practical community.<\/span><\/p>\n<\/div>\n\n\t\t<\/div>\n\t<\/div>\n\t\t\t<\/div>\n\t\t\t\t<\/div>\n\t\t\t\t<h2 class=\"clearfix title-holder\" style=\"color: #ffffff; background-color: #4dbab2;\"><span class=\"accordion_mark left_mark\"><span class=\"accordion_mark_icon\"><\/span><\/span><span class=\"tab-title\">Classes<\/span><span class=\"accordion_mark right_mark\"><span class=\"accordion_mark_icon\"><\/span><\/span><\/h2>\n\t\t\t\t<div  class=\"accordion_content no_icon\">\n\t\t\t<div class=\"accordion_content_inner\">\n\t\t\t\t\n\t<div class=\"wpb_text_column wpb_content_element\">\n\t\t<div class=\"wpb_wrapper\">\n\t\t\t<div>\n<h3><span style=\"color: #333333;\"><strong>Levelled teaching<\/strong><\/span><\/h3>\n<p>&nbsp;<\/p>\n<p><span style=\"color: #333333;\"><strong>Ranum After School<\/strong> is an academic efterskole with a high academic level. We value the academic goals just as much as the experiential goals. We divide the teams in the 9th and 10th grade into different levels.<\/span><\/p>\n<p>&nbsp;<\/p>\n<p><span style=\"color: #333333;\"><strong>In our opinion it does not make sense<\/strong>to distinguish between development and education. Therefore, it is our goal to provide the students with various different skills - social, nature sports and sports, intellectual, communicative and emotional. When education and development go hand in hand, the students achieve success and get the desire to develop, both personally and academically, as well as taking responsibility for one self and for the community.<\/span><\/p>\n<\/div>\n\n\t\t<\/div>\n\t<\/div>\n\t\t\t<\/div>\n\t\t\t\t<\/div>\n\t\t\t\t<h2 class=\"clearfix title-holder\" style=\"color: #ffffff; background-color: #4dbab2;\"><span class=\"accordion_mark left_mark\"><span class=\"accordion_mark_icon\"><\/span><\/span><span class=\"tab-title\">Trying<\/span><span class=\"accordion_mark right_mark\"><span class=\"accordion_mark_icon\"><\/span><\/span><\/h2>\n\t\t\t\t<div  class=\"accordion_content no_icon\">\n\t\t\t<div class=\"accordion_content_inner\">\n\t\t\t\t\n\t<div class=\"wpb_text_column wpb_content_element\">\n\t\t<div class=\"wpb_wrapper\">\n\t\t\t<div>\n<h3><span style=\"color: #333333;\"><strong>You must also set professional goals!<\/strong><\/span><\/h3>\n<p>&nbsp;<\/p>\n<p><span style=\"color: #333333;\"><strong>The requirements<\/strong> for visiting the efterskole ist that you have passed the 9th or the 8th grade of the danish folkeskole (or a similar level abroad). You do not need to have previous experiences with nature sports or sports in general. The group oriented teaching is handled by highly qualified teachers and in the nature only you or the group place the limitation for the challenge.<\/span><\/p>\n<\/div>\n<p>&nbsp;<\/p>\n<div>\n<p><span style=\"color: #333333;\"><strong>In the 9th grade<\/strong> you must choose between German and French. Students in the 10th grade can choose between German\/French and Physics\/Chemistry. Culture, history, christianity and social studies are part of <strong>WORLD CITIZENSHIP<\/strong>.<\/span><\/p>\n<p><span style=\"color: #333333;\">\u00a0<\/span><br \/>\n<span style=\"color: #333333;\">The classes vary between class teaching, independent studying, group work, project work, presentations and joint lessons. Furthermore we offer \"club-lessons\" in your spare time in one of the 2-4 clubs. These lessons will take place monday to thursday 19-21.00<\/span><\/p>\n<\/div>\n<p>&nbsp;<\/p>\n<div>\n<p><span style=\"color: #333333;\"><strong>The tests have high priority.<\/strong><\/span><br \/>\n<span style=\"color: #333333;\">It is important that each student receives the best possible exam in all subjects, both in the oral and written disciplines. We offer the 9th grade and 10th grade exam of the danish folkeskole.<\/span><\/p>\n<\/div>\n\n\t\t<\/div>\n\t<\/div>\n\t\t\t<\/div>\n\t\t\t\t<\/div>\n\t\t\t\t<h2 class=\"clearfix title-holder\" style=\"color: #ffffff; background-color: #4dbab2;\"><span class=\"accordion_mark left_mark\"><span class=\"accordion_mark_icon\"><\/span><\/span><span class=\"tab-title\">Accommodation<\/span><span class=\"accordion_mark right_mark\"><span class=\"accordion_mark_icon\"><\/span><\/span><\/h2>\n\t\t\t\t<div  class=\"accordion_content no_icon\">\n\t\t\t<div class=\"accordion_content_inner\">\n\t\t\t\t\n\t<div class=\"wpb_text_column wpb_content_element\">\n\t\t<div class=\"wpb_wrapper\">\n\t\t\t<div>\n<p><span style=\"color: #333333;\"><strong>The well-being<\/strong> for the individual and for the community is the most important part of the development tree. Thus the social learning that happens at the efterskole might be the most important skill you will learn during your stay at the efterskole.<\/span><\/p>\n<\/div>\n<p>&nbsp;<\/p>\n<div>\n<p><span style=\"color: #333333;\">Social learning, in brief, means that through being together, working together and interacting with others, we learn more about ourself and develop a wide range of concrete and essential, social competences.<\/span><\/p>\n<\/div>\n<p>&nbsp;<\/p>\n<div>\n<p><span style=\"color: #333333;\"><strong>Ranum Efterskole offers different types of accommodation.<\/strong><\/span><br \/>\n<span style=\"color: #333333;\">We have room for more than 450 students in 4 houses. These houses have single rooms, double rooms and apartments for up to 6 students.<\/span><\/p>\n<p>&nbsp;<\/p>\n<p><span style=\"color: #333333;\">The different types of accommodation are targeted at students with different development needs and we take into account that not everyone is the same with the same needs. Maybe you find yourself in a personal development where you sometimes feel the need to just be alone or maybe you have the need to share your thoughts with a roommate. Or you might feel more comfortable in a small apartment that you share with others.<\/span><\/p>\n<p><span style=\"color: #333333;\">No matter which type of accommodation you choose, you will actively take part in the daily duties at school, such as cleaning, cooking and clean-up. If you haven't already learned this at home, you will definitely learn it here !<\/span><\/p>\n<p>&nbsp;<\/p>\n<p><span style=\"color: #333333;\">We do not have separate floors for boys and girls, but rather a natural community with room for everyone. The meals, \"hygge\" in the rooms and the time you spend together during the profile subjects will offer you the opportunity to make new, lasting friendships!<\/span><\/p>\n<p>&nbsp;<\/p>\n<\/div>\n\n\t\t<\/div>\n\t<\/div>\n\t\t\t<\/div>\n\t\t\t\t<\/div>\n\t\t\t\t<h2 class=\"clearfix title-holder\" style=\"color: #ffffff; background-color: #4dbab2;\"><span class=\"accordion_mark left_mark\"><span class=\"accordion_mark_icon\"><\/span><\/span><span class=\"tab-title\">Sport and activities<\/span><span class=\"accordion_mark right_mark\"><span class=\"accordion_mark_icon\"><\/span><\/span><\/h2>\n\t\t\t\t<div  class=\"accordion_content no_icon\">\n\t\t\t<div class=\"accordion_content_inner\">\n\t\t\t\t\n\t<div class=\"wpb_text_column wpb_content_element\">\n\t\t<div class=\"wpb_wrapper\">\n\t\t\t<p><span style=\"color: #333333;\"><strong>In Ranum town we have access to a wide range of sports and athletic facilities. The new \"Multikulturhus\" contains 3 halls for all kinds of sports and activities, e.g. tumbling, dance, hockey, football, volley, basket, handball and so on.<\/strong><\/span><\/p>\n<p>&nbsp;<\/p>\n<p><span style=\"color: #333333;\">The center also contains a new fitness center that can be used at a price of DKK 120,- per month.<\/span><br \/>\n<span style=\"color: #333333;\">In R\u00f8nbjerg, we rent the new swimming pool and at the same time we can use their water park and wellness center.<\/span><\/p>\n<p>&nbsp;<\/p>\n<p>&nbsp;<\/p>\n<p><span style=\"color: #333333;\"><strong>Within an area of 5 x 5 km, the school offers:<\/strong><\/span><\/p>\n<ul>\n<li><span style=\"color: #333333;\">Nature Sports Center and Gear Bank<\/span><\/li>\n<li><span style=\"color: #333333;\">Swimming pool in R\u00f8nbjerg<\/span><\/li>\n<li><span style=\"color: #333333;\">Multikulturhus with sports hall and athletic facilities<\/span><\/li>\n<li><span style=\"color: #333333;\">Fitness center<\/span><\/li>\n<li><span style=\"color: #333333;\">Football fields<\/span><\/li>\n<li><span style=\"color: #333333;\">Center field and athletic facilities<\/span><\/li>\n<li><span style=\"color: #333333;\">Solariums in Ranum and R\u00f8nbjerg<\/span><\/li>\n<li><span style=\"color: #333333;\">Mountainbikes in R\u00f8nbjerg and Uhreh\u00f8je<\/span><\/li>\n<li><span style=\"color: #333333;\">Climbing tower and wall in R\u00f8nbjerg and Uhreh\u00f8je<\/span><\/li>\n<li><span style=\"color: #333333;\">Golf in L\u00f8gst\u00f8r, Gatten, \u00c5rs etc.<\/span><\/li>\n<li><span style=\"color: #333333;\">Maritime base in R\u00f8nbjerg with modern sailing boats, yawls, sea kayaks, Rib- boats, diving and surf.<\/span><\/li>\n<li><span style=\"color: #333333;\">Tennis- and squash courts in R\u00f8nbjerg<\/span><\/li>\n<li><span style=\"color: #333333;\">Beach volleyball courts<\/span><\/li>\n<li><span style=\"color: #333333;\">Fitness and Wellness Center in R\u00f8nbjerg<\/span><\/li>\n<li><span style=\"color: #333333;\">Creative art workshop<\/span><\/li>\n<li><span style=\"color: #333333;\">Music room: Choir and rhythmic ensemble<\/span><\/li>\n<li><span style=\"color: #333333;\">Library with internetcaf\u00e9<\/span><\/li>\n<li><span style=\"color: #333333;\">Computer stations with free internet access in common rooms<\/span><br \/>\n<span style=\"color: #333333;\">Billiards, table tennis, darts and student cafe...<\/span><\/li>\n<\/ul>\n\n\t\t<\/div>\n\t<\/div>\n\t\t\t<\/div>\n\t\t\t\t<\/div>\n\t<\/div><div class=\"vc_empty_space\"  style=\"height: 100px\" >\n\t<span class=\"vc_empty_space_inner\">\n\t\t<span class=\"empty_space_image\"  ><\/span>\n\t<\/span>\n<\/div><\/div><\/div><\/div><\/div><\/div><\/div><div      class=\"vc_row wpb_row section vc_row-fluid\" style=' text-align:left;'><div class=\"full_section_inner clearfix\"><div class=\"wpb_column vc_column_container vc_col-sm-12\"><div class=\"vc_column-inner\"><div class=\"wpb_wrapper\"><div class=\"call_to_action normal\" style=\"background-color: #969696;padding-top: 100pxpx;padding-bottom: 100pxpx;\"><div class=\"container_inner\"><div class=\"two_columns_75_25 clearfix\"><div class=\"text_wrapper column1\"><div class=\"call_to_action_text\" style=\"\"><span style=\"color: #ffffff\">Apply now or contact us for further information<\/span><\/div><\/div><div class=\"button_wrapper column2\"><a itemprop=\"url\" href=\"http:\/\/ranumec.dk\/ny-elev\" class=\"qbutton white large\" target=\"_self\" style=\"color: #ffffff;border-color: #44bfb4;background-color:#44bfb4;\" data-hover-background-color=\"#c6c6c6\" data-hover-border-color=\"#c6c6c6\" data-hover-color=\"#ffffff\">Apply<\/a><\/div><\/div><\/div><\/div><\/div><\/div><\/div><\/div><\/div>\n<\/div>","protected":false},"excerpt":{"rendered":"Daily Frames Schooling - That suits you !   Literary school subjects are the foundation for learning to learn for the rest of your life. Within the formal requirements of 9th and 10th grade, we aim to innovate and modernise learning processes so that your personal...","protected":false},"author":7,"featured_media":0,"parent":0,"menu_order":0,"comment_status":"closed","ping_status":"closed","template":"full_width.php","meta":{"footnotes":""},"class_list":["post-781","page","type-page","status-publish","hentry"],"_links":{"self":[{"href":"https:\/\/www.ranumefterskole.dk\/en\/wp-json\/wp\/v2\/pages\/781","targetHints":{"allow":["GET"]}}],"collection":[{"href":"https:\/\/www.ranumefterskole.dk\/en\/wp-json\/wp\/v2\/pages"}],"about":[{"href":"https:\/\/www.ranumefterskole.dk\/en\/wp-json\/wp\/v2\/types\/page"}],"author":[{"embeddable":true,"href":"https:\/\/www.ranumefterskole.dk\/en\/wp-json\/wp\/v2\/users\/7"}],"replies":[{"embeddable":true,"href":"https:\/\/www.ranumefterskole.dk\/en\/wp-json\/wp\/v2\/comments?post=781"}],"version-history":[{"count":1,"href":"https:\/\/www.ranumefterskole.dk\/en\/wp-json\/wp\/v2\/pages\/781\/revisions"}],"predecessor-version":[{"id":53431,"href":"https:\/\/www.ranumefterskole.dk\/en\/wp-json\/wp\/v2\/pages\/781\/revisions\/53431"}],"wp:attachment":[{"href":"https:\/\/www.ranumefterskole.dk\/en\/wp-json\/wp\/v2\/media?parent=781"}],"curies":[{"name":"wp","href":"https:\/\/api.w.org\/{rel}","templated":true}]}}