{"id":51839,"date":"2025-04-29T15:16:03","date_gmt":"2025-04-29T13:16:03","guid":{"rendered":"https:\/\/www.ranumefterskole.dk\/?page_id=51839"},"modified":"2025-06-20T08:40:16","modified_gmt":"2025-06-20T06:40:16","slug":"delf","status":"publish","type":"page","link":"https:\/\/www.ranumefterskole.dk\/en\/delf\/","title":{"rendered":"DELF"},"content":{"rendered":"<div class=\"wpb-content-wrapper\"><div class=\"vc_row wpb_row section vc_row-fluid\" style='background-image:url(https:\/\/www.ranumefterskole.dk\/wp-content\/uploads\/2019\/04\/Ranum_Website1819_pictures_main-formats_v3_2000x800px24.jpg); text-align:left;'><div class=\"full_section_inner clearfix\"><div class=\"wpb_column vc_column_container vc_col-sm-12\"><div class=\"vc_column-inner\"><div class=\"wpb_wrapper\"><div class=\"vc_empty_space\"  style=\"height: 300px\" >\n\t<span class=\"vc_empty_space_inner\">\n\t\t<span class=\"empty_space_image\"  ><\/span>\n\t<\/span>\n<\/div>\n\t<div class=\"wpb_text_column wpb_content_element\">\n\t\t<div class=\"wpb_wrapper\">\n\t\t\t<h1 style=\"text-align: center;\"><span style=\"font-family: accord-bold; font-size: 50pt; color: #ffffff;\">DELF<\/span><\/h1>\n\n\t\t<\/div>\n\t<\/div><div class=\"vc_empty_space\"  style=\"height: 200px\" >\n\t<span class=\"vc_empty_space_inner\">\n\t\t<span class=\"empty_space_image\"  ><\/span>\n\t<\/span>\n<\/div><\/div><\/div><\/div><\/div><\/div><div      class=\"vc_row wpb_row section vc_row-fluid  grid_section\" style='background-color:#f4f4f4; text-align:left;'><div class=\"section_inner clearfix\"><div class='section_inner_margin clearfix'><div class=\"wpb_column vc_column_container vc_col-sm-6\"><div class=\"vc_column-inner\"><div class=\"wpb_wrapper\"><div class=\"vc_empty_space\"  style=\"height: 50px\" >\n\t<span class=\"vc_empty_space_inner\">\n\t\t<span class=\"empty_space_image\"  ><\/span>\n\t<\/span>\n<\/div>\n\t<div class=\"wpb_text_column wpb_content_element\">\n\t\t<div class=\"wpb_wrapper\">\n\t\t\t<h2><span style=\"font-family: accord-bold; font-size: 36pt; color: #4c387a;\">What is DELF?<\/span><\/h2>\n\n\t\t<\/div>\n\t<\/div><div class=\"vc_empty_space\"  style=\"height: 32px\" >\n\t<span class=\"vc_empty_space_inner\">\n\t\t<span class=\"empty_space_image\"  ><\/span>\n\t<\/span>\n<\/div>\n\t<div class=\"wpb_text_column wpb_content_element\">\n\t\t<div class=\"wpb_wrapper\">\n\t\t\t<p>DELF stands for Dipl\u00f4me d'\u00e9tudes en langue fran\u00e7aise - Diploma in French Language Studies. The diploma documents the student's competences in the key knowledge and skills of reading, writing, listening and speaking and interaction. The DELF diploma is issued by the French Ministry of Education and is internationally recognised. Once obtained, the diploma is valid for life.<\/p>\n<p><strong>Why do we offer DELF at Ranum Efterskole College?<\/strong><\/p>\n<p>We find that DELF fulfils two needs. Firstly, DELF allows enthusiastic and motivated learners to excel while encouraging them to further master the French language. Secondly, DELF allows learners from French or French-speaking backgrounds to approach this part of their cultural heritage. DELF at level B1 gives access to French universities under the ERASMUS exchange programme.<\/p>\n<p><strong>Further information<\/strong><\/p>\n<p>We offer DELF at three levels: A1 (beginner), A2 (intermediate) and B1 (threshold). The exam costs are paid by the school. As the preparation for the DELF exam is fully integrated into the regular classes, students do not need to fear an increased workload. The DELF exam is divided into two parts: an individual oral proficiency test and a joint test in the remaining language disciplines.<\/p>\n\n\t\t<\/div>\n\t<\/div><div class=\"vc_empty_space\"  style=\"height: 50px\" >\n\t<span class=\"vc_empty_space_inner\">\n\t\t<span class=\"empty_space_image\"  ><\/span>\n\t<\/span>\n<\/div><\/div><\/div><\/div><div class=\"wpb_column vc_column_container vc_col-sm-6 vc_hidden-sm vc_hidden-xs\"><div class=\"vc_column-inner\"><div class=\"wpb_wrapper\"><div class=\"vc_empty_space\"  style=\"height: 100px\" >\n\t<span class=\"vc_empty_space_inner\">\n\t\t<span class=\"empty_space_image\"  ><\/span>\n\t<\/span>\n<\/div>\n\t<div class=\"wpb_single_image wpb_content_element vc_align_center\">\n\t\t<div class=\"wpb_wrapper\">\n\t\t\t\n\t\t\t<div class=\"vc_single_image-wrapper   vc_box_border_grey\"><img loading=\"lazy\" decoding=\"async\" width=\"1837\" height=\"1358\" src=\"https:\/\/www.ranumefterskole.dk\/wp-content\/uploads\/2025\/05\/delf_ranumefterskole_2025.webp\" class=\"vc_single_image-img attachment-full\" alt=\"Students posing with certificates\" title=\"delf_ranumefterskole_2025\" srcset=\"https:\/\/www.ranumefterskole.dk\/wp-content\/uploads\/2025\/05\/delf_ranumefterskole_2025.webp 1837w, https:\/\/www.ranumefterskole.dk\/wp-content\/uploads\/2025\/05\/delf_ranumefterskole_2025-300x222.webp 300w, https:\/\/www.ranumefterskole.dk\/wp-content\/uploads\/2025\/05\/delf_ranumefterskole_2025-1024x757.webp 1024w, https:\/\/www.ranumefterskole.dk\/wp-content\/uploads\/2025\/05\/delf_ranumefterskole_2025-768x568.webp 768w, https:\/\/www.ranumefterskole.dk\/wp-content\/uploads\/2025\/05\/delf_ranumefterskole_2025-1536x1135.webp 1536w, https:\/\/www.ranumefterskole.dk\/wp-content\/uploads\/2025\/05\/delf_ranumefterskole_2025-16x12.webp 16w, https:\/\/www.ranumefterskole.dk\/wp-content\/uploads\/2025\/05\/delf_ranumefterskole_2025-700x517.webp 700w, https:\/\/www.ranumefterskole.dk\/wp-content\/uploads\/2025\/05\/delf_ranumefterskole_2025-800x591.webp 800w\" sizes=\"auto, (max-width: 1837px) 100vw, 1837px\" \/><\/div>\n\t\t<\/div>\n\t<\/div>\n<div class=\"vc_empty_space\"  style=\"height: 50px\" >\n\t<span class=\"vc_empty_space_inner\">\n\t\t<span class=\"empty_space_image\"  ><\/span>\n\t<\/span>\n<\/div><\/div><\/div><\/div><\/div><\/div><\/div><div      class=\"vc_row wpb_row section vc_row-fluid  grid_section\" style=' text-align:left;'><div class=\"section_inner clearfix\"><div class='section_inner_margin clearfix'><div class=\"wpb_column vc_column_container vc_col-sm-6\"><div class=\"vc_column-inner\"><div class=\"wpb_wrapper\"><div class=\"vc_empty_space\"  style=\"height: 100px\" >\n\t<span class=\"vc_empty_space_inner\">\n\t\t<span class=\"empty_space_image\"  ><\/span>\n\t<\/span>\n<\/div>\n\t<div class=\"wpb_single_image wpb_content_element vc_align_center\">\n\t\t<div class=\"wpb_wrapper\">\n\t\t\t\n\t\t\t<div class=\"vc_single_image-wrapper   vc_box_border_grey\"><img loading=\"lazy\" decoding=\"async\" width=\"1000\" height=\"563\" src=\"https:\/\/www.ranumefterskole.dk\/wp-content\/uploads\/2025\/06\/delf_ranumefterskole2.jpg\" class=\"vc_single_image-img attachment-full\" alt=\"Students and teacher on a staircase posing\" title=\"delf_ranumefterskole2\" srcset=\"https:\/\/www.ranumefterskole.dk\/wp-content\/uploads\/2025\/06\/delf_ranumefterskole2.jpg 1000w, https:\/\/www.ranumefterskole.dk\/wp-content\/uploads\/2025\/06\/delf_ranumefterskole2-300x169.jpg 300w, https:\/\/www.ranumefterskole.dk\/wp-content\/uploads\/2025\/06\/delf_ranumefterskole2-768x432.jpg 768w, https:\/\/www.ranumefterskole.dk\/wp-content\/uploads\/2025\/06\/delf_ranumefterskole2-18x10.jpg 18w, https:\/\/www.ranumefterskole.dk\/wp-content\/uploads\/2025\/06\/delf_ranumefterskole2-700x394.jpg 700w, https:\/\/www.ranumefterskole.dk\/wp-content\/uploads\/2025\/06\/delf_ranumefterskole2-539x303.jpg 539w, https:\/\/www.ranumefterskole.dk\/wp-content\/uploads\/2025\/06\/delf_ranumefterskole2-800x450.jpg 800w\" sizes=\"auto, (max-width: 1000px) 100vw, 1000px\" \/><\/div>\n\t\t<\/div>\n\t<\/div>\n<div class=\"vc_empty_space\"  style=\"height: 50px\" >\n\t<span class=\"vc_empty_space_inner\">\n\t\t<span class=\"empty_space_image\"  ><\/span>\n\t<\/span>\n<\/div><\/div><\/div><\/div><div class=\"wpb_column vc_column_container vc_col-sm-6\"><div class=\"vc_column-inner\"><div class=\"wpb_wrapper\"><div class=\"vc_empty_space\"  style=\"height: 50px\" >\n\t<span class=\"vc_empty_space_inner\">\n\t\t<span class=\"empty_space_image\"  ><\/span>\n\t<\/span>\n<\/div>\n\t<div class=\"wpb_text_column wpb_content_element\">\n\t\t<div class=\"wpb_wrapper\">\n\t\t\t<h2>What is DELF?<\/h2>\n<p>DELF stands for Dipl\u00f4me d'\u00c9tudes en Langue fran\u00e7aise - Certificate of French Language Studies. It is an official certificate issued by the French Ministry of Education documenting practical proficiency in the French language. DELF attests skill in the core fields of listening, speaking, reading, and writing. It is an internationally recognised certificate and, once attained, it is valid for life. DELF can be taken at various levels from beginner to independent user.<\/p>\n<p><strong>Why do we offer DELF at Ranum Efterskole College?<\/strong><\/p>\n<p>We find that DELF fills two needs. Firstly, it gives ambitious, motivated and enthusiastic students a chance to shine and goads them to further mastery of the language. Secondly, for students from a French or French speaking background DELF provides the chance to draw nearer this part of their heritage. DELF at level B1 gives access to study at a French university under the ERASMUS exchange programme.<\/p>\n<p><strong>More details<\/strong><\/p>\n<p>We offer DELF at levels A1 (introductory), A2 (intermediate) and B1 (threshold). Expenses related to taking the examination are defrayed by the school. For DELF candidates extra study time is minimal, since preparation for the DELF exam is integrated into standard French tuition. The examination consists of an individual oral test and a group examination in the other disciplines.<\/p>\n\n\t\t<\/div>\n\t<\/div><div class=\"vc_empty_space\"  style=\"height: 50px\" >\n\t<span class=\"vc_empty_space_inner\">\n\t\t<span class=\"empty_space_image\"  ><\/span>\n\t<\/span>\n<\/div><\/div><\/div><\/div><\/div><\/div><\/div><div      class=\"vc_row wpb_row section vc_row-fluid  grid_section\" style=' text-align:left;'><div class=\"section_inner clearfix\"><div class='section_inner_margin clearfix'><div class=\"wpb_column vc_column_container vc_col-sm-6\"><div class=\"vc_column-inner\"><div class=\"wpb_wrapper\"><div class=\"vc_empty_space\"  style=\"height: 50px\" >\n\t<span class=\"vc_empty_space_inner\">\n\t\t<span class=\"empty_space_image\"  ><\/span>\n\t<\/span>\n<\/div>\n\t<div class=\"wpb_text_column wpb_content_element\">\n\t\t<div class=\"wpb_wrapper\">\n\t\t\t<h2>What is DELF?<\/h2>\n<p>The DELF is the Dipl\u00f4me d'\u00e9tudes en langue fran\u00e7aise awarded by the French Ministry of Education. It is a diploma that assesses the candidate's ability to communicate, both orally and in writing, with French speakers. The DELF diploma is recognised worldwide and is valid for life. There are four levels from beginner level to independent user level.<\/p>\n<p><strong>Why do we offer DELF to our students?<\/strong><\/p>\n<p>For us, the DELF fulfils two needs. Firstly, for motivated and enthusiastic students, the DELF gives them the opportunity to excel in French and encourages them to become more fluent in the language. Secondly, for students who have a family connection to the French-speaking world, this diploma gives them the chance to get closer to this side of their heritage. DELF at B1 level gives access to study at a French university under the ERASMUS exchange programme<\/p>\n<p><strong>Additional details<\/strong><\/p>\n<p>We offer the DELF at A1 (introductory), A2 (intermediate) and B1 (threshold) levels. Expenses related to the DELF exam are covered by the school. The DELF exam does not require candidates to do much more homework as most of the preparation is integrated into normal lessons. The exam consists of two parts: an individual oral test and a group test for the other language disciplines.<\/p>\n\n\t\t<\/div>\n\t<\/div><div class=\"vc_empty_space\"  style=\"height: 50px\" >\n\t<span class=\"vc_empty_space_inner\">\n\t\t<span class=\"empty_space_image\"  ><\/span>\n\t<\/span>\n<\/div><\/div><\/div><\/div><div class=\"wpb_column vc_column_container vc_col-sm-6\"><div class=\"vc_column-inner\"><div class=\"wpb_wrapper\"><div class=\"vc_empty_space\"  style=\"height: 100px\" >\n\t<span class=\"vc_empty_space_inner\">\n\t\t<span class=\"empty_space_image\"  ><\/span>\n\t<\/span>\n<\/div>\n\t<div class=\"wpb_single_image wpb_content_element vc_align_center\">\n\t\t<div class=\"wpb_wrapper\">\n\t\t\t\n\t\t\t<div class=\"vc_single_image-wrapper   vc_box_border_grey\"><img loading=\"lazy\" decoding=\"async\" width=\"1000\" height=\"563\" src=\"https:\/\/www.ranumefterskole.dk\/wp-content\/uploads\/2025\/06\/delf_ranumefterskole.jpg\" class=\"vc_single_image-img attachment-full\" alt=\"Group of students and teachers in lush green nature\" title=\"delf_ranumefterskole\" srcset=\"https:\/\/www.ranumefterskole.dk\/wp-content\/uploads\/2025\/06\/delf_ranumefterskole.jpg 1000w, https:\/\/www.ranumefterskole.dk\/wp-content\/uploads\/2025\/06\/delf_ranumefterskole-300x169.jpg 300w, https:\/\/www.ranumefterskole.dk\/wp-content\/uploads\/2025\/06\/delf_ranumefterskole-768x432.jpg 768w, https:\/\/www.ranumefterskole.dk\/wp-content\/uploads\/2025\/06\/delf_ranumefterskole-18x10.jpg 18w, https:\/\/www.ranumefterskole.dk\/wp-content\/uploads\/2025\/06\/delf_ranumefterskole-700x394.jpg 700w, https:\/\/www.ranumefterskole.dk\/wp-content\/uploads\/2025\/06\/delf_ranumefterskole-539x303.jpg 539w, https:\/\/www.ranumefterskole.dk\/wp-content\/uploads\/2025\/06\/delf_ranumefterskole-800x450.jpg 800w\" sizes=\"auto, (max-width: 1000px) 100vw, 1000px\" \/><\/div>\n\t\t<\/div>\n\t<\/div>\n<div class=\"vc_empty_space\"  style=\"height: 50px\" >\n\t<span class=\"vc_empty_space_inner\">\n\t\t<span class=\"empty_space_image\"  ><\/span>\n\t<\/span>\n<\/div><\/div><\/div><\/div><\/div><\/div><\/div><div      class=\"vc_row wpb_row section vc_row-fluid\" style='background-color:#e8e8e8; text-align:left;'><div class=\"full_section_inner clearfix\"><div class=\"wpb_column vc_column_container vc_col-sm-12\"><div class=\"vc_column-inner\"><div class=\"wpb_wrapper\"><div class=\"call_to_action normal\" style=\"background-color: #e8e8e8;padding-top: 100pxpx;padding-bottom: 100pxpx;\"><div class=\"container_inner\"><div class=\"two_columns_75_25 clearfix\"><div class=\"text_wrapper column1\"><div class=\"call_to_action_text\" style=\"\"><span style=\"color: #424242\">Contact us for further information about our international programmes<\/span><\/div><\/div><div class=\"button_wrapper column2\"><a itemprop=\"url\" href=\"\/en\/kontakt\/\" class=\"qbutton white\" target=\"_self\" style=\"color: #ffffff;border-color: #4c387a;background-color:#4c387a;\" data-hover-background-color=\"#afafaf\" data-hover-border-color=\"#afafaf\" data-hover-color=\"#ffffff\">Contact here<\/a><\/div><\/div><\/div><\/div><\/div><\/div><\/div><\/div><\/div>\n<\/div>","protected":false},"excerpt":{"rendered":"DELF What is DELF? DELF stands for Dipl\u00f4me d'\u00e9tudes en langue fran\u00e7aise - Diploma in French Language Studies. The diploma documents the student's competences in the key knowledge and skills of reading, writing, listening and speaking and interaction. The DELF diploma is issued by the French Ministry of Education and is internationally recognised...","protected":false},"author":1,"featured_media":0,"parent":0,"menu_order":0,"comment_status":"closed","ping_status":"closed","template":"full_width.php","meta":{"footnotes":""},"class_list":["post-51839","page","type-page","status-publish","hentry"],"_links":{"self":[{"href":"https:\/\/www.ranumefterskole.dk\/en\/wp-json\/wp\/v2\/pages\/51839","targetHints":{"allow":["GET"]}}],"collection":[{"href":"https:\/\/www.ranumefterskole.dk\/en\/wp-json\/wp\/v2\/pages"}],"about":[{"href":"https:\/\/www.ranumefterskole.dk\/en\/wp-json\/wp\/v2\/types\/page"}],"author":[{"embeddable":true,"href":"https:\/\/www.ranumefterskole.dk\/en\/wp-json\/wp\/v2\/users\/1"}],"replies":[{"embeddable":true,"href":"https:\/\/www.ranumefterskole.dk\/en\/wp-json\/wp\/v2\/comments?post=51839"}],"version-history":[{"count":5,"href":"https:\/\/www.ranumefterskole.dk\/en\/wp-json\/wp\/v2\/pages\/51839\/revisions"}],"predecessor-version":[{"id":52213,"href":"https:\/\/www.ranumefterskole.dk\/en\/wp-json\/wp\/v2\/pages\/51839\/revisions\/52213"}],"wp:attachment":[{"href":"https:\/\/www.ranumefterskole.dk\/en\/wp-json\/wp\/v2\/media?parent=51839"}],"curies":[{"name":"wp","href":"https:\/\/api.w.org\/{rel}","templated":true}]}}