{"id":5071,"date":"2019-08-14T11:17:47","date_gmt":"2019-08-14T09:17:47","guid":{"rendered":"https:\/\/www.ranumefterskole.dk\/?page_id=5071"},"modified":"2026-03-31T08:34:26","modified_gmt":"2026-03-31T06:34:26","slug":"ledige-stillinger","status":"publish","type":"page","link":"https:\/\/www.ranumefterskole.dk\/en\/efterskolelivet\/ledige-stillinger\/","title":{"rendered":"job opportunities"},"content":{"rendered":"<div class=\"wpb-content-wrapper\"><div class=\"vc_row wpb_row section vc_row-fluid  grid_section\" style='background-color:#ffffff;background-image:url(https:\/\/www.ranumefterskole.dk\/wp-content\/uploads\/2016\/07\/logo_trans_half-1.png); text-align:left;'><div class=\"section_inner clearfix\"><div class='section_inner_margin clearfix'><div class=\"wpb_column vc_column_container vc_col-sm-8\"><div class=\"vc_column-inner\"><div class=\"wpb_wrapper\"><div class=\"vc_empty_space\"  style=\"height: 100px\" >\n\t<span class=\"vc_empty_space_inner\">\n\t\t<span class=\"empty_space_image\"  ><\/span>\n\t<\/span>\n<\/div>\n\t<div class=\"wpb_text_column wpb_content_element\">\n\t\t<div class=\"wpb_wrapper\">\n\t\t\t<h1><span style=\"font-family: accord-bold;\">Vacancies at Ranum<\/span><\/h1>\n<p><strong>Ranum Efterskole College is looking for efterskole Teachers<\/strong><\/p>\n<p>Ranum Efterskole College is looking for efterskole teachers who can teach one or two of the following subjects: Maths, Cambridge International Maths, Science or Business Studies. If you can also teach one of our more than 50 electives, especially adventure, dance, handball or gymnastics, as well as one of our many cultural subjects, that would be fantastic.<\/p>\n<p>We are an academic and international efterskole with 500+ students and 60 teachers. The study environment at the school is very international and we have colleagues and students from all over the world - therefore we speak both Danish and English at the school. The school year is divided into 3 periods. Students and staff work closely together to shape the content and set common goals in the subjects. Each period ends with a trip. We travel for up to 28 days and all over the world.<\/p>\n<p>We are a large efterskole and this provides opportunities for world-class professional and personal development - for both students and staff. We work in subject and tutor teams in a flat structure. We are passionate about creating a diverse and democratic efterskole environment with high ceilings and room for the individual while respecting the community. We have good facilities and a world kitchen with a focus on sustainable and healthy food.<\/p>\n<p>Together we create a good working environment with great personal freedom and responsibility for your own tasks.<\/p>\n<p>You are welcome to apply even if you have a background other than a teacher training programme, but believe you have the qualifications, e.g. as a high school teacher or similar.<\/p>\n<p>We expect you to want to be an active part of a community of colleagues where we value professionalism, openness, dialogue and humour. If you are interested in a year-long employment, in living in one of the school's official residences or in Ranum and the surrounding area, please mention this in your application.<\/p>\n<p>If you're dreaming of a truly unique efterskolejob, check us out at www.ranumefterskole.dk.<\/p>\n<p>Questions are welcome at md@ranumefterskole.dk<\/p>\n<p>Send your application via Jobindex - including all attachments scanned in one document. Applications will be processed on a rolling basis.<\/p>\n<p>Deadline for application 22.4.2026<\/p>\n<p>Employment per 1 August 2026 and according to the collective agreement between the Ministry of Finance and LC.<\/p>\n<p><a href=\"https:\/\/www.jobindex.dk\/jobannonce\/h1652856\/ranum-efterskole-college-soeger-efterskolelaerere\" target=\"_blank\" rel=\"noopener\">Apply for the job via QuickApply on Jobindex.<\/a><\/p>\n\n\t\t<\/div>\n\t<\/div><div class=\"separator  small left\" style=\"background-color: #4c3272;\"><\/div>\n\t<div class=\"wpb_single_image wpb_content_element vc_align_left\">\n\t\t<div class=\"wpb_wrapper\">\n\t\t\t\n\t\t\t<div class=\"vc_single_image-wrapper vc_box_circle  vc_box_border_grey\"><img decoding=\"async\" class=\"vc_single_image-img\" src=\"https:\/\/www.ranumefterskole.dk\/wp-content\/uploads\/2024\/02\/ansatte_ranum-683x683.webp\" width=\"683\" height=\"683\" alt=\"Employees at Ranum Efterskole\" title=\"employees_ranum\" loading=\"lazy\" \/><\/div>\n\t\t<\/div>\n\t<\/div>\n<div class=\"vc_empty_space\"  style=\"height: 50px\" >\n\t<span class=\"vc_empty_space_inner\">\n\t\t<span class=\"empty_space_image\"  ><\/span>\n\t<\/span>\n<\/div><\/div><\/div><\/div><div class=\"wpb_column vc_column_container vc_col-sm-4\"><div class=\"vc_column-inner\"><div class=\"wpb_wrapper\"><div class=\"vc_empty_space\"  style=\"height: 100px\" >\n\t<span class=\"vc_empty_space_inner\">\n\t\t<span class=\"empty_space_image\"  ><\/span>\n\t<\/span>\n<\/div>\n\t<div class=\"wpb_text_column wpb_content_element\">\n\t\t<div class=\"wpb_wrapper\">\n\t\t\t<p><span style=\"font-family: accord-reg;\"><strong>JOB BANK: Send your application to Ranum Efterskole College job bank - and be the first to be considered for an exciting job<\/strong><\/span><\/p>\n<p><span style=\"font-family: accord-reg;\">What are the benefits of posting your application in our job bank?<\/span><\/p>\n<p><span style=\"font-family: accord-reg;\">Ranum Efterskole College is a large efterskole with 500+ students and 100+ employees. Our staff is almost evenly distributed across gender and age groups. We regularly experience employees going on maternity leave, moving on with their partner, completing an education, retiring, travelling the world, etc. Perhaps you are in a similar situation and are considering a job change - or maybe you are a recent graduate looking for your first job?<\/span><\/p>\n<p><span style=\"font-family: accord-reg;\">Your advantage of being in the job bank is that you'll be considered for an interview before we post the position. So if you're considering becoming a efterskoleeacher, send a short application now so we can contact you if a job opportunity arises that could suit you and your dreams.<\/span><\/p>\n<p><span style=\"font-family: accord-reg;\">If I'm not a trained teacher, can I still be considered? We emphasise that you WANT 1TP5Life and that you are committed to our core values of diversity and global outlook, as well as the involvement of students in shaping the school year. It is an advantage if you are a teacher, qualified teacher or university graduate, e.g. in technical subjects, languages, economics, etc. It is also an advantage to have travelled or lived in another country and we are particularly interested in applicants with good English skills, but also applicants with knowledge of German, Spanish, italiensk, Arabic, etc. It is an advantage if you have interests in some of our 50+ profile and activity subjects and are ready to travel the world with our students for up to 3-4 weeks a year.<\/span><\/p>\n<p><span style=\"font-family: accord-reg;\">See available jobs at <a href=\"https:\/\/www.jobindex.dk\/virksomhed\/69887\/ranum-efterskole-college#ledige-job\" target=\"_blank\" rel=\"noopener\"><strong>Job index<\/strong><\/a>.<br \/>\n<\/span><\/p>\n<p><span style=\"font-family: accord-reg;\">We will store your application for 4 months (according to current legislation). After the 4 months, you are welcome to resubmit your application. Read more at <a href=\"http:\/\/www.ranumefterskole.dk\/en\/\"><strong>www.ranumefterskole.dk<\/strong><\/a> and if you have any questions, please feel free to contact us at info@ranumefterskole.dk. You are also welcome to visit us on a visit day \/ tour day.<\/span><\/p>\n\n\t\t<\/div>\n\t<\/div><div class=\"vc_empty_space\"  style=\"height: 100px\" >\n\t<span class=\"vc_empty_space_inner\">\n\t\t<span class=\"empty_space_image\"  ><\/span>\n\t<\/span>\n<\/div><\/div><\/div><\/div><\/div><\/div><\/div><div      class=\"vc_row wpb_row section vc_row-fluid\" style=' text-align:left;'><div class=\"full_section_inner clearfix\"><div class=\"wpb_column vc_column_container vc_col-sm-12\"><div class=\"vc_column-inner\"><div class=\"wpb_wrapper\"><\/div><\/div><\/div><\/div><\/div>\n<\/div>","protected":false},"excerpt":{"rendered":"Ledige stillinger p\u00e5 Ranum Ranum Efterskole College s\u00f8ger efterskolel\u00e6rere Ranum Efterskole College s\u00f8ger efterskolel\u00e6rere, som kan undervise i et eller to af fagene: matematik, Cambridge international matematik, Science eller Business studies. Hvis du ogs\u00e5 kan undervise i et af vores mere end 50 valgfag, s\u00e6rligt...","protected":false},"author":1,"featured_media":0,"parent":751,"menu_order":0,"comment_status":"closed","ping_status":"closed","template":"","meta":{"footnotes":""},"class_list":["post-5071","page","type-page","status-publish","hentry"],"_links":{"self":[{"href":"https:\/\/www.ranumefterskole.dk\/en\/wp-json\/wp\/v2\/pages\/5071","targetHints":{"allow":["GET"]}}],"collection":[{"href":"https:\/\/www.ranumefterskole.dk\/en\/wp-json\/wp\/v2\/pages"}],"about":[{"href":"https:\/\/www.ranumefterskole.dk\/en\/wp-json\/wp\/v2\/types\/page"}],"author":[{"embeddable":true,"href":"https:\/\/www.ranumefterskole.dk\/en\/wp-json\/wp\/v2\/users\/1"}],"replies":[{"embeddable":true,"href":"https:\/\/www.ranumefterskole.dk\/en\/wp-json\/wp\/v2\/comments?post=5071"}],"version-history":[{"count":5,"href":"https:\/\/www.ranumefterskole.dk\/en\/wp-json\/wp\/v2\/pages\/5071\/revisions"}],"predecessor-version":[{"id":55603,"href":"https:\/\/www.ranumefterskole.dk\/en\/wp-json\/wp\/v2\/pages\/5071\/revisions\/55603"}],"up":[{"embeddable":true,"href":"https:\/\/www.ranumefterskole.dk\/en\/wp-json\/wp\/v2\/pages\/751"}],"wp:attachment":[{"href":"https:\/\/www.ranumefterskole.dk\/en\/wp-json\/wp\/v2\/media?parent=5071"}],"curies":[{"name":"wp","href":"https:\/\/api.w.org\/{rel}","templated":true}]}}