{"id":33211,"date":"2022-08-18T16:33:01","date_gmt":"2022-08-18T14:33:01","guid":{"rendered":"https:\/\/www.ranumefterskole.dk\/?page_id=33211"},"modified":"2022-08-18T16:33:01","modified_gmt":"2022-08-18T14:33:01","slug":"profilfag-2","status":"publish","type":"page","link":"https:\/\/www.ranumefterskole.dk\/en\/profilfag-2\/","title":{"rendered":"profile subjects"},"content":{"rendered":"<div class=\"wpb-content-wrapper\"><div class=\"vc_row wpb_row section vc_row-fluid\" style='background-image:url(https:\/\/www.ranumefterskole.dk\/wp-content\/uploads\/2022\/08\/OceansOfHope-billede4.jpg); text-align:left;'><div class=\"full_section_inner clearfix\"><div class=\"wpb_column vc_column_container vc_col-sm-12\"><div class=\"vc_column-inner\"><div class=\"wpb_wrapper\"><div class=\"vc_empty_space\"  style=\"height: 300px\" >\n\t<span class=\"vc_empty_space_inner\">\n\t\t<span class=\"empty_space_image\"  ><\/span>\n\t<\/span>\n<\/div>\n\t<div class=\"wpb_text_column wpb_content_element\">\n\t\t<div class=\"wpb_wrapper\">\n\t\t\t<p style=\"text-align: center;\"><span style=\"font-family: accord-bold; font-size: 46pt; color: #0b73b9;\">Ranum H\u00f8jskole<\/span><\/p>\n\n\t\t<\/div>\n\t<\/div><div class=\"vc_empty_space\"  style=\"height: 200px\" >\n\t<span class=\"vc_empty_space_inner\">\n\t\t<span class=\"empty_space_image\"  ><\/span>\n\t<\/span>\n<\/div><\/div><\/div><\/div><\/div><\/div><div      class=\"vc_row wpb_row section vc_row-fluid  grid_section\" style=' text-align:left;'><div class=\"section_inner clearfix\"><div class='section_inner_margin clearfix'><div class=\"wpb_column vc_column_container vc_col-sm-6\"><div class=\"vc_column-inner\"><div class=\"wpb_wrapper\"><div class=\"vc_empty_space\"  style=\"height: 120px\" >\n\t<span class=\"vc_empty_space_inner\">\n\t\t<span class=\"empty_space_image\"  ><\/span>\n\t<\/span>\n<\/div>\n\t<div class=\"wpb_text_column wpb_content_element\">\n\t\t<div class=\"wpb_wrapper\">\n\t\t\t<h2><span style=\"font-family: accord-bold;\"><strong><span style=\"color: #e47d07; font-size: 36pt;\">Ranum H\u00f8jskole offers high school course in cooperation with Oceans of Hope H\u00f8jskole<br \/>\n<\/span><\/strong><\/span><\/h2>\n\n\t\t<\/div>\n\t<\/div><div class=\"vc_empty_space\"  style=\"height: 20px\" >\n\t<span class=\"vc_empty_space_inner\">\n\t\t<span class=\"empty_space_image\"  ><\/span>\n\t<\/span>\n<\/div>\n\t<div class=\"wpb_text_column wpb_content_element\">\n\t\t<div class=\"wpb_wrapper\">\n\t\t\t<p><strong>The Oceans of Hope course is for EVERYONE over 18 who can sleep in a \"bunk bed\" and dares to go out into the world, wants to learn to put action behind words and wants to take responsibility for each other, themselves and our beautiful blue and green planet.<\/strong><\/p>\n\n\t\t<\/div>\n\t<\/div><div class=\"vc_empty_space\"  style=\"height: 100px\" >\n\t<span class=\"vc_empty_space_inner\">\n\t\t<span class=\"empty_space_image\"  ><\/span>\n\t<\/span>\n<\/div><div class=\"vc_empty_space\"  style=\"height: 50px\" >\n\t<span class=\"vc_empty_space_inner\">\n\t\t<span class=\"empty_space_image\"  ><\/span>\n\t<\/span>\n<\/div><\/div><\/div><\/div><div class=\"wpb_column vc_column_container vc_col-sm-6\"><div class=\"vc_column-inner\"><div class=\"wpb_wrapper\"><div class=\"vc_empty_space\"  style=\"height: 120px\" >\n\t<span class=\"vc_empty_space_inner\">\n\t\t<span class=\"empty_space_image\"  ><\/span>\n\t<\/span>\n<\/div>\n\t<div class=\"wpb_single_image wpb_content_element vc_align_center\">\n\t\t<div class=\"wpb_wrapper\">\n\t\t\t\n\t\t\t<div class=\"vc_single_image-wrapper   vc_box_border_grey\"><img decoding=\"async\" class=\"vc_single_image-img\" src=\"https:\/\/www.ranumefterskole.dk\/wp-content\/uploads\/2022\/08\/OceansOfHope_Anne_2089893549381586646_n-400x400.jpg\" width=\"400\" height=\"400\" alt=\"OceansOfHope_Anne_2089893549381586646_n\" title=\"OceansOfHope_Anne_2089893549381586646_n\" loading=\"lazy\" \/><\/div>\n\t\t<\/div>\n\t<\/div>\n<\/div><\/div><\/div><\/div><\/div><\/div><div      class=\"vc_row wpb_row section vc_row-fluid\" style='background-image:url(https:\/\/www.ranumefterskole.dk\/wp-content\/uploads\/2022\/08\/OceansOfHope_MikkelAntonisen2.jpg); text-align:left;'><div class=\"full_section_inner clearfix\"><div class=\"wpb_column vc_column_container vc_col-sm-12\"><div class=\"vc_column-inner\"><div class=\"wpb_wrapper\"><div class=\"vc_empty_space\"  style=\"height: 200px\" >\n\t<span class=\"vc_empty_space_inner\">\n\t\t<span class=\"empty_space_image\"  ><\/span>\n\t<\/span>\n<\/div>\n\t<div class=\"wpb_text_column wpb_content_element\">\n\t\t<div class=\"wpb_wrapper\">\n\t\t\t<h3 style=\"text-align: center;\"><em><span style=\"font-family: accord-bold; color: #ffffff; font-size: 100%;\">\"Oceans of Hope High School is about everyone wanting to be a part<br \/>\nthat a strong community, where we take responsibility for each other, ourselves and<br \/>\nour beautiful blue and green planet.\" <\/span><\/em><span style=\"font-family: accord-bold; color: #ffffff; font-size: 50%;\">Mikkel Anthonisen \/ Founder of Oceans of Hope<\/span><\/h3>\n\n\t\t<\/div>\n\t<\/div><div class=\"vc_empty_space\"  style=\"height: 200px\" >\n\t<span class=\"vc_empty_space_inner\">\n\t\t<span class=\"empty_space_image\"  ><\/span>\n\t<\/span>\n<\/div><\/div><\/div><\/div><\/div><\/div><div      class=\"vc_row wpb_row section vc_row-fluid  grid_section\" style=' text-align:left;'><div class=\"section_inner clearfix\"><div class='section_inner_margin clearfix'><div class=\"wpb_column vc_column_container vc_col-sm-6\"><div class=\"vc_column-inner\"><div class=\"wpb_wrapper\"><div class=\"vc_empty_space\"  style=\"height: 120px\" >\n\t<span class=\"vc_empty_space_inner\">\n\t\t<span class=\"empty_space_image\"  ><\/span>\n\t<\/span>\n<\/div>\n\t<div class=\"wpb_text_column wpb_content_element\">\n\t\t<div class=\"wpb_wrapper\">\n\t\t\t<p>The aim of the course is to help plan and carry out a longer sea voyage with the sailing ship Oceans of Hope. We work purposefully with the world goals,<br \/>\nin particular Nos 14 and 15, including in the Coral Restoration project. We work project-oriented from idea to reality and to make dreams come true.<br \/>\nThe course prepares you to be a crew member on a long-distance vessel, so you're ready to set sail for distant shores.<\/p>\n<p>The course takes place at N\u00e6sbyhus, 3 km from Ranum Efterskole College, and at R\u00f8nbjerg Harbour, where we have our maritime base with 10 identical boats and a<br \/>\nlarge racing boat. In N\u00e6sbyhus there are various workshops including metal, engine, wood and sewing. In addition to the common room, music and creative<br \/>\nthere is also a sports field, shelters and a fireplace.<\/p>\n<p>The course offers practical sailing in the school's 11 sailboats and the opportunity to take a certificate of proficiency, first aid and a radio certificate, as well as a PADI diving certificate if required. The course also includes educational courses such as high school singing, psychology, philosophy, a travel project and a number of electives. Ranum H\u00f8jskole's Oceans of Hope course is a pilot project where students also take part in practical activities and organise leisure activities. Our slogan is \"we are in the same boat on the same planet.\"<\/p>\n\n\t\t<\/div>\n\t<\/div><div class=\"vc_empty_space\"  style=\"height: 50px\" >\n\t<span class=\"vc_empty_space_inner\">\n\t\t<span class=\"empty_space_image\"  ><\/span>\n\t<\/span>\n<\/div><\/div><\/div><\/div><div class=\"wpb_column vc_column_container vc_col-sm-6\"><div class=\"vc_column-inner\"><div class=\"wpb_wrapper\"><div class=\"vc_empty_space\"  style=\"height: 120px\" >\n\t<span class=\"vc_empty_space_inner\">\n\t\t<span class=\"empty_space_image\"  ><\/span>\n\t<\/span>\n<\/div>\n\t<div class=\"wpb_single_image wpb_content_element vc_align_center\">\n\t\t<div class=\"wpb_wrapper\">\n\t\t\t\n\t\t\t<div class=\"vc_single_image-wrapper   vc_box_border_grey\"><img decoding=\"async\" class=\"vc_single_image-img\" src=\"https:\/\/www.ranumefterskole.dk\/wp-content\/uploads\/2022\/08\/dykkerpadi-400x400.jpg\" width=\"400\" height=\"400\" alt=\"diving pad\" title=\"diving pad\" loading=\"lazy\" \/><\/div>\n\t\t<\/div>\n\t<\/div>\n<\/div><\/div><\/div><\/div><\/div><\/div><div      class=\"vc_row wpb_row section vc_row-fluid  grid_section\" style='background-image:url(https:\/\/www.ranumefterskole.dk\/wp-content\/uploads\/2022\/08\/reserver-plads_farvet.jpg); text-align:left;'><div class=\"section_inner clearfix\"><div class='section_inner_margin clearfix'><div class=\"wpb_column vc_column_container vc_col-sm-3\"><div class=\"vc_column-inner\"><div class=\"wpb_wrapper\"><\/div><\/div><\/div><div class=\"wpb_column vc_column_container vc_col-sm-6\"><div class=\"vc_column-inner\"><div class=\"wpb_wrapper\"><div class=\"vc_empty_space\"  style=\"height: 250px\" >\n\t<span class=\"vc_empty_space_inner\">\n\t\t<span class=\"empty_space_image\"  ><\/span>\n\t<\/span>\n<\/div><div class=\"vc_empty_space\"  style=\"height: 50px\" >\n\t<span class=\"vc_empty_space_inner\">\n\t\t<span class=\"empty_space_image\"  ><\/span>\n\t<\/span>\n<\/div><div      class=\"vc_row wpb_row section vc_row-fluid vc_inner\" style=' text-align:left;'><div class=\"full_section_inner clearfix\"><div class=\"wpb_column vc_column_container vc_col-sm-12\"><div class=\"vc_column-inner\"><div class=\"wpb_wrapper\">\n\t<div class=\"wpb_text_column wpb_content_element\">\n\t\t<div class=\"wpb_wrapper\">\n\t\t\t<h1 style=\"text-align: center;\"><span style=\"font-family: accord-bold; font-size: 42pt; color: #ffffff;\">Reserve a seat<\/span><\/h1>\n\n\t\t<\/div>\n\t<\/div><\/div><\/div><\/div><\/div><\/div><div class=\"vc_empty_space\"  style=\"height: 50px\" >\n\t<span class=\"vc_empty_space_inner\">\n\t\t<span class=\"empty_space_image\"  ><\/span>\n\t<\/span>\n<\/div><div      class=\"vc_row wpb_row section vc_row-fluid vc_inner\" style=' text-align:left;'><div class=\"full_section_inner clearfix\"><div class=\"wpb_column vc_column_container vc_col-sm-12\"><div class=\"vc_column-inner\"><div class=\"wpb_wrapper\">\n\t<div class=\"wpb_text_column wpb_content_element\">\n\t\t<div class=\"wpb_wrapper\">\n\t\t\t<p style=\"text-align: center;\"><span style=\"font-family: accord-reg; font-size: 14pt;\"><span style=\"color: #ffffff; font-size: 18pt;\">The course starts on 16 April and ends on 24 June (after which there is an opportunity to join an Oceans of Hope cruise).<\/span><br \/>\n<\/span><\/p>\n\n\t\t<\/div>\n\t<\/div><\/div><\/div><\/div><\/div><\/div><div      class=\"vc_row wpb_row section vc_row-fluid vc_inner  vc_custom_1560256263800\" style=' text-align:center;'><div class=\"full_section_inner clearfix\"><div class=\"wpb_column vc_column_container vc_col-sm-12\"><div class=\"vc_column-inner\"><div class=\"wpb_wrapper\"><a  itemprop=\"url\" href=\"https:\/\/Ranumefterskolecollege.youngcrm.com\/admissions\/400\" target=\"_self\" data-hover-background-color=\"#b5b5b5\" data-hover-border-color=\"#b5b5b5\" class=\"qbutton  big_large default\" style=\"color: #ffffff; border-color: #4dbab2; border-radius: 3px;-moz-border-radius: 3px;-webkit-border-radius: 3px; background-color:#4dbab2;\">Reserve a seat<i class=\"qode_icon_font_awesome fa fa-calendar-check-o qode_button_icon_element\"><\/i><\/a><\/div><\/div><\/div><\/div><\/div><div class=\"vc_empty_space\"  style=\"height: 250px\" >\n\t<span class=\"vc_empty_space_inner\">\n\t\t<span class=\"empty_space_image\"  ><\/span>\n\t<\/span>\n<\/div><\/div><\/div><\/div><div class=\"wpb_column vc_column_container vc_col-sm-3\"><div class=\"vc_column-inner\"><div class=\"wpb_wrapper\"><\/div><\/div><\/div><\/div><\/div><\/div>\n<\/div>","protected":false},"excerpt":{"rendered":"Ranum H\u00f8jskole Ranum H\u00f8jskole offers a high school course in cooperation with Oceans of Hope H\u00f8jskole Oceans of Hope is for EVERYONE over 18 who can sleep in a \"bunk bed\" and dares to sail out into the world, wants to learn to put action behind words and wants to be...","protected":false},"author":1,"featured_media":0,"parent":0,"menu_order":0,"comment_status":"closed","ping_status":"closed","template":"full_width.php","meta":{"footnotes":""},"class_list":["post-33211","page","type-page","status-publish","hentry"],"_links":{"self":[{"href":"https:\/\/www.ranumefterskole.dk\/en\/wp-json\/wp\/v2\/pages\/33211","targetHints":{"allow":["GET"]}}],"collection":[{"href":"https:\/\/www.ranumefterskole.dk\/en\/wp-json\/wp\/v2\/pages"}],"about":[{"href":"https:\/\/www.ranumefterskole.dk\/en\/wp-json\/wp\/v2\/types\/page"}],"author":[{"embeddable":true,"href":"https:\/\/www.ranumefterskole.dk\/en\/wp-json\/wp\/v2\/users\/1"}],"replies":[{"embeddable":true,"href":"https:\/\/www.ranumefterskole.dk\/en\/wp-json\/wp\/v2\/comments?post=33211"}],"version-history":[{"count":0,"href":"https:\/\/www.ranumefterskole.dk\/en\/wp-json\/wp\/v2\/pages\/33211\/revisions"}],"wp:attachment":[{"href":"https:\/\/www.ranumefterskole.dk\/en\/wp-json\/wp\/v2\/media?parent=33211"}],"curies":[{"name":"wp","href":"https:\/\/api.w.org\/{rel}","templated":true}]}}